{"id":139,"date":"2026-02-17T19:56:43","date_gmt":"2026-02-17T19:56:43","guid":{"rendered":"https:\/\/www.equifeedstyle.com\/vuexgcdq\/?post_type=product&#038;p=139"},"modified":"2026-02-17T19:57:18","modified_gmt":"2026-02-17T19:57:18","slug":"nyereg","status":"publish","type":"product","link":"https:\/\/www.equifeedstyle.com\/vuexgcdq\/termek\/nyereg\/","title":{"rendered":"Nyereg"},"content":{"rendered":"<p>T\u00f6k\u00e9letes szar nyereg mindenkinek, \u00edgy nincs kifog\u00e1s hogy kinek jobb!!!<\/p>\n","protected":false},"excerpt":{"rendered":"<p>T\u00f6k\u00e9letes szar nyereg mindenkinek, \u00edgy nincs kifog\u00e1s hogy kinek jobb!!!<\/p>\n","protected":false},"featured_media":0,"comment_status":"open","ping_status":"closed","template":"","meta":{"pagelayer_contact_templates":[],"_pagelayer_content":""},"product_brand":[],"product_cat":[26],"product_tag":[],"class_list":{"0":"post-139","1":"product","2":"type-product","3":"status-publish","5":"product_cat-nyereg","7":"first","8":"instock","9":"sale","10":"shipping-taxable","11":"purchasable","12":"product-type-simple"},"_links":{"self":[{"href":"https:\/\/www.equifeedstyle.com\/vuexgcdq\/wp-json\/wp\/v2\/product\/139","targetHints":{"allow":["GET"]}}],"collection":[{"href":"https:\/\/www.equifeedstyle.com\/vuexgcdq\/wp-json\/wp\/v2\/product"}],"about":[{"href":"https:\/\/www.equifeedstyle.com\/vuexgcdq\/wp-json\/wp\/v2\/types\/product"}],"replies":[{"embeddable":true,"href":"https:\/\/www.equifeedstyle.com\/vuexgcdq\/wp-json\/wp\/v2\/comments?post=139"}],"wp:attachment":[{"href":"https:\/\/www.equifeedstyle.com\/vuexgcdq\/wp-json\/wp\/v2\/media?parent=139"}],"wp:term":[{"taxonomy":"product_brand","embeddable":true,"href":"https:\/\/www.equifeedstyle.com\/vuexgcdq\/wp-json\/wp\/v2\/product_brand?post=139"},{"taxonomy":"product_cat","embeddable":true,"href":"https:\/\/www.equifeedstyle.com\/vuexgcdq\/wp-json\/wp\/v2\/product_cat?post=139"},{"taxonomy":"product_tag","embeddable":true,"href":"https:\/\/www.equifeedstyle.com\/vuexgcdq\/wp-json\/wp\/v2\/product_tag?post=139"}],"curies":[{"name":"wp","href":"https:\/\/api.w.org\/{rel}","templated":true}]}}