{"id":13,"date":"2026-01-26T17:08:06","date_gmt":"2026-01-26T17:08:06","guid":{"rendered":"https:\/\/www.equifeedstyle.com\/vuexgcdq\/?page_id=13"},"modified":"2026-02-20T13:37:18","modified_gmt":"2026-02-20T13:37:18","slug":"elallas_visszakuldes","status":"publish","type":"page","link":"https:\/\/www.equifeedstyle.com\/vuexgcdq\/elallas_visszakuldes\/","title":{"rendered":"Visszat\u00e9r\u00edt\u00e9si \u00e9s visszak\u00fcld\u00e9si szab\u00e1lyzat"},"content":{"rendered":"\n<h2 class=\"wp-block-heading\">\u00c1ttekint\u00e9s<\/h2>\n\n\n\n<p>Visszat\u00e9r\u00edt\u00e9si \u00e9s visszak\u00fcld\u00e9si szab\u00e1lyzatunk 30 napig \u00e9rv\u00e9nyes. Ha a v\u00e1s\u00e1rl\u00e1s \u00f3ta 30 nap eltelt, nem tudunk teljes visszat\u00e9r\u00edt\u00e9st vagy cser\u00e9t k\u00edn\u00e1lni.\n\nAhhoz, hogy a term\u00e9k visszak\u00fcldhet\u0151 legyen, a term\u00e9knek haszn\u00e1latlannak \u00e9s ugyanolyan \u00e1llapotban kell lennie, mint ahogyan megkapta. Az eredeti csomagol\u00e1sban is kell lennie.\n\nT\u00f6bbf\u00e9le \u00e1ru mentes\u00fcl a visszak\u00fcld\u00e9s al\u00f3l. A romland\u00f3 \u00e1ruk, p\u00e9ld\u00e1ul az \u00e9lelmiszerek, vir\u00e1gok, \u00fajs\u00e1gok vagy magazinok nem visszak\u00fcldhet\u0151k. Nem fogadunk el intim vagy higi\u00e9niai term\u00e9keket, vesz\u00e9lyes anyagokat, valamint gy\u00fal\u00e9kony folyad\u00e9kokat vagy g\u00e1zokat sem.<\/p>\n\n\n\n<p>Tov\u00e1bbi nem visszav\u00e1lthat\u00f3 term\u00e9kek:<\/p>\n\n\n\n<ul class=\"wp-block-list\">\n<li>Aj\u00e1nd\u00e9kk\u00e1rtya<\/li>\n\n\n\n<li><\/li>\n\n\n\n<li><\/li>\n<\/ul>\n\n\n\n<p>A visszak\u00fcld\u00e9shez blokkra vagy v\u00e1s\u00e1rl\u00e1st igazol\u00f3 bizonylatra van sz\u00fcks\u00e9g\u00fcnk.\n\nK\u00e9rj\u00fck, ne k\u00fcldje vissza a v\u00e1s\u00e1rl\u00e1st a gy\u00e1rt\u00f3nak.\n\nBizonyos esetekben csak r\u00e9szleges visszat\u00e9r\u00edt\u00e9st biztos\u00edtunk:<\/p>\n\n\n\n<ul class=\"wp-block-list\">\n<li>Nyilv\u00e1nval\u00f3 haszn\u00e1lati nyomokkal rendelkez\u0151 k\u00f6nyv.<\/li>\n\n\n\n<li>Kibontott term\u00e9kek vagy haszn\u00e1lt term\u00e9kek.<\/li>\n\n\n\n<li>B\u00e1rmely term\u00e9k, amely nincs eredeti \u00e1llapot\u00e1ban, s\u00e9r\u00fclt vagy hi\u00e1nyos alkatr\u00e9szekkel rendelkezik, \u00e9s amely nem a mi hib\u00e1nknak tudhat\u00f3 be.<\/li>\n\n\n\n<li>B\u00e1rmely olyan term\u00e9k, amelyet a k\u00e9zbes\u00edt\u00e9st k\u00f6vet\u0151 30 napon t\u00fal k\u00fcldenek vissza.<\/li>\n<\/ul>\n\n\n\n<h2 class=\"wp-block-heading\">P\u00e9nzvisszat\u00e9rit\u00e9s<\/h2>\n\n\n\n<p>Miut\u00e1n megkaptuk \u00e9s megvizsg\u00e1ltuk a visszak\u00fcld\u00f6tt term\u00e9ket, e-mailben \u00e9rtes\u00edtj\u00fck a visszak\u00fcld\u00f6tt term\u00e9k meg\u00e9rkez\u00e9s\u00e9r\u0151l. \u00c9rtes\u00edtj\u00fck a visszat\u00e9r\u00edt\u00e9s j\u00f3v\u00e1hagy\u00e1s\u00e1r\u00f3l vagy elutas\u00edt\u00e1s\u00e1r\u00f3l is.\n\nHa j\u00f3v\u00e1hagyjuk, a visszat\u00e9r\u00edt\u00e9st feldolgozzuk, \u00e9s a j\u00f3v\u00e1\u00edr\u00e1s automatikusan megt\u00f6rt\u00e9nik a hitelk\u00e1rty\u00e1j\u00e1n vagy az eredeti fizet\u00e9si m\u00f3dj\u00e1n, bizonyos napon bel\u00fcl.<\/p>\n\n\n\n<h3 class=\"wp-block-heading\">K\u00e9s\u0151 vagy hi\u00e1nyos visszat\u00e9r\u00edt\u00e9sek<\/h3>\n\n\n\n<p>Ha m\u00e9g nem kapta meg a visszat\u00e9r\u00edt\u00e9st, el\u0151sz\u00f6r ellen\u0151rizze \u00fajra a banksz\u00e1ml\u00e1j\u00e1t.<\/p>\n\n\n\n<p>Ezut\u00e1n vegye fel a kapcsolatot a hitelk\u00e1rtya-t\u00e1rsas\u00e1g\u00e1val, eltarthat egy ideig, am\u00edg a visszat\u00e9r\u00edt\u00e9s hivatalosan j\u00f3v\u00e1\u00edr\u00e1sra ker\u00fcl.<\/p>\n\n\n\n<p>Ezut\u00e1n vegye fel a kapcsolatot a bankj\u00e1val. A visszat\u00e9r\u00edt\u00e9s j\u00f3v\u00e1\u00edr\u00e1sa gyakran n\u00e9mi feldolgoz\u00e1si id\u0151t vesz ig\u00e9nybe.<\/p>\n\n\n\n<p>Ha mindezt megtette, \u00e9s m\u00e9g mindig nem kapta meg a visszat\u00e9r\u00edt\u00e9st, k\u00e9rj\u00fck, vegye fel vel\u00fcnk a kapcsolatot a equifeedstyle@gmail.com c\u00edmen vagy telefonsz\u00e1mon: +36 20 513 1383.<\/p>\n\n\n\n<h3 class=\"wp-block-heading\">Elad\u00f3 t\u00e9telek<\/h3>\n\n\n\n<p>Csak a norm\u00e1l \u00e1r\u00fa term\u00e9kek visszat\u00e9r\u00edt\u00e9s\u00e9re van lehet\u0151s\u00e9g. Az akci\u00f3s term\u00e9kekre nem \u00e1ll m\u00f3dunkban visszat\u00e9r\u00edteni.<\/p>\n\n\n\n<h2 class=\"wp-block-heading\">Cser\u00e9k<\/h2>\n\n\n\n<p>Csak hib\u00e1s vagy s\u00e9r\u00fclt term\u00e9keket cser\u00e9l\u00fcnk ki. Ha ugyanilyen term\u00e9kre szeretn\u00e9d cser\u00e9lni, k\u00fcldj nek\u00fcnk egy e-mailt a equifeedstyle@gmail.com c\u00edmre, \u00e9s k\u00fcldd el a term\u00e9ket a k\u00f6vetkez\u0151 c\u00edmre: 2200, Monor Liliom utca 63\/A.<\/p>\n\n\n\n<p>Ha a term\u00e9ket v\u00e1s\u00e1rl\u00e1skor aj\u00e1nd\u00e9kk\u00e9nt jel\u00f6lt\u00e9k meg, \u00e9s k\u00f6zvetlen\u00fcl \u00d6nnek sz\u00e1ll\u00edtott\u00e1k, akkor a visszak\u00fcld\u00f6tt term\u00e9k \u00e9rt\u00e9k\u00e9nek megfelel\u0151 aj\u00e1nd\u00e9kutalv\u00e1nyt kap. Amint a visszak\u00fcld\u00f6tt term\u00e9ket megkapjuk, aj\u00e1nd\u00e9kutalv\u00e1nyt k\u00fcld\u00fcnk \u00d6nnek post\u00e1n.<\/p>\n\n\n\n<p>Ha a term\u00e9ket v\u00e1s\u00e1rl\u00e1skor nem aj\u00e1nd\u00e9kk\u00e9nt jel\u00f6lt\u00e9k meg, vagy az aj\u00e1nd\u00e9koz\u00f3 mag\u00e1nak k\u00fcldte a rendel\u00e9st, hogy k\u00e9s\u0151bb \u00e1tadja \u00d6nnek, akkor visszat\u00e9r\u00edt\u00e9st k\u00fcld\u00fcnk az aj\u00e1nd\u00e9koz\u00f3nak, aki \u00e9rtes\u00edti a visszak\u00fcld\u00e9s\u00e9r\u0151l.<\/p>\n\n\n\n<h2 class=\"wp-block-heading\">Sz\u00e1ll\u00edt\u00e1si visszak\u00fcld\u00e9sek<\/h2>\n\n\n\n<p>A term\u00e9k visszak\u00fcld\u00e9s\u00e9hez a k\u00f6vetkez\u0151 c\u00edmre kell post\u00e1znia a term\u00e9ket: 2200, Monor Liliom utca 63\/A.<br><br>A term\u00e9k visszak\u00fcld\u00e9s\u00e9nek sz\u00e1ll\u00edt\u00e1si k\u00f6lts\u00e9geit \u00d6n viseli. A sz\u00e1ll\u00edt\u00e1si k\u00f6lts\u00e9gek nem visszat\u00e9r\u00edthet\u0151k. Ha visszat\u00e9r\u00edt\u00e9st kap, a visszak\u00fcld\u00e9s k\u00f6lts\u00e9ge levon\u00e1sra ker\u00fcl a visszat\u00e9r\u00edt\u00e9sb\u0151l.<br><br>A kicser\u00e9lt term\u00e9k meg\u00e9rkez\u00e9s\u00e9nek id\u0151tartama a lak\u00f3hely\u00e9t\u0151l f\u00fcgg\u0151en v\u00e1ltozhat.<br><br>Ha dr\u00e1g\u00e1bb term\u00e9keket k\u00fcld vissza, \u00e9rdemes lehet nyomon k\u00f6vethet\u0151 sz\u00e1ll\u00edt\u00e1si szolg\u00e1ltat\u00e1st ig\u00e9nybe vennie, vagy sz\u00e1ll\u00edt\u00e1si biztos\u00edt\u00e1st k\u00f6tnie. Nem garant\u00e1ljuk, hogy megkapjuk a visszak\u00fcld\u00f6tt term\u00e9ket.<\/p>\n\n\n\n<h2 class=\"wp-block-heading\">Seg\u00edts\u00e9g kell?<\/h2>\n\n\n\n<p>Vedd fel vel\u00fcnk a kapcsolatot email-en: equifeedstyle@gmail.com, vagy telefonon: +36 20 513 1383<\/p>\n","protected":false},"excerpt":{"rendered":"<p>\u00c1ttekint\u00e9s Visszat\u00e9r\u00edt\u00e9si \u00e9s visszak\u00fcld\u00e9si szab\u00e1lyzatunk 30 napig \u00e9rv\u00e9nyes. Ha a v\u00e1s\u00e1rl\u00e1s \u00f3ta 30 nap eltelt, nem tudunk teljes visszat\u00e9r\u00edt\u00e9st vagy cser\u00e9t k\u00edn\u00e1lni. Ahhoz, hogy a term\u00e9k visszak\u00fcldhet\u0151 legyen, a term\u00e9knek haszn\u00e1latlannak \u00e9s ugyanolyan \u00e1llapotban kell lennie, mint ahogyan megkapta. Az eredeti csomagol\u00e1sban is kell lennie. T\u00f6bbf\u00e9le \u00e1ru mentes\u00fcl a visszak\u00fcld\u00e9s al\u00f3l. A romland\u00f3 \u00e1ruk, p\u00e9ld\u00e1ul [&hellip;]<\/p>\n","protected":false},"author":1,"featured_media":0,"parent":0,"menu_order":0,"comment_status":"closed","ping_status":"closed","template":"","meta":{"pagelayer_contact_templates":[],"_pagelayer_content":"","footnotes":""},"class_list":["post-13","page","type-page","status-publish","hentry"],"_hostinger_reach_plugin_has_subscription_block":false,"_hostinger_reach_plugin_is_elementor":false,"_links":{"self":[{"href":"https:\/\/www.equifeedstyle.com\/vuexgcdq\/wp-json\/wp\/v2\/pages\/13","targetHints":{"allow":["GET"]}}],"collection":[{"href":"https:\/\/www.equifeedstyle.com\/vuexgcdq\/wp-json\/wp\/v2\/pages"}],"about":[{"href":"https:\/\/www.equifeedstyle.com\/vuexgcdq\/wp-json\/wp\/v2\/types\/page"}],"author":[{"embeddable":true,"href":"https:\/\/www.equifeedstyle.com\/vuexgcdq\/wp-json\/wp\/v2\/users\/1"}],"replies":[{"embeddable":true,"href":"https:\/\/www.equifeedstyle.com\/vuexgcdq\/wp-json\/wp\/v2\/comments?post=13"}],"version-history":[{"count":3,"href":"https:\/\/www.equifeedstyle.com\/vuexgcdq\/wp-json\/wp\/v2\/pages\/13\/revisions"}],"predecessor-version":[{"id":160,"href":"https:\/\/www.equifeedstyle.com\/vuexgcdq\/wp-json\/wp\/v2\/pages\/13\/revisions\/160"}],"wp:attachment":[{"href":"https:\/\/www.equifeedstyle.com\/vuexgcdq\/wp-json\/wp\/v2\/media?parent=13"}],"curies":[{"name":"wp","href":"https:\/\/api.w.org\/{rel}","templated":true}]}}